{"id":163,"date":"2020-11-25T20:28:43","date_gmt":"2020-11-25T19:28:43","guid":{"rendered":"http:\/\/neu.vrc-weicht.de\/?page_id=163"},"modified":"2026-04-29T08:44:11","modified_gmt":"2026-04-29T06:44:11","slug":"vorstand","status":"publish","type":"page","link":"https:\/\/vrc-weicht.de\/?page_id=163","title":{"rendered":"Vorstand"},"content":{"rendered":"\n<p><strong>1. Vorsitzende<\/strong><br>Sandra Birgmeier<\/p>\n\n\n\n<p>E-Mail: <a href=\"mailto:vorstand@vrc-weicht.de\">vorstand@vrc-weicht.de<\/a><\/p>\n\n\n\n<hr class=\"wp-block-separator has-css-opacity\"\/>\n\n\n\n<p><strong>2. Vorsitzende<\/strong><br>Katharina Klier-Maas<\/p>\n\n\n\n<p>E-Mail: <a href=\"mailto:vorstand@vrc-weicht.de\">vorstand@vrc-weicht.de<\/a><\/p>\n\n\n\n<hr class=\"wp-block-separator has-css-opacity\"\/>\n\n\n\n<p><strong>Kassenwart<\/strong><br>J\u00fcrgen Wilfling<\/p>\n\n\n\n<p>E-Mail: <a href=\"mailto:finanzen@vrc-weicht.de\">finanzen@vrc-weicht.de<\/a><\/p>\n\n\n\n<hr class=\"wp-block-separator has-css-opacity\"\/>\n\n\n\n<p><strong>Schriftf\u00fchrerin<\/strong><br>Theresa Liebchen<\/p>\n\n\n\n<p>E-Mail: <a href=\"mailto:mail@vrc-weicht.de\">mail@vrc-weicht.de<\/a><\/p>\n\n\n\n<hr class=\"wp-block-separator has-css-opacity\"\/>\n\n\n\n<p><strong>Jugendvertreterin<\/strong><br>Liane Seem\u00fcller<\/p>\n\n\n\n<p>E-Mail: <a href=\"mailto:jugend@vrc-weicht.de\">jugend@vrc-weicht.de<\/a><\/p>\n","protected":false},"excerpt":{"rendered":"<p>1. VorsitzendeSandra Birgmeier E-Mail: vorstand@vrc-weicht.de 2. VorsitzendeKatharina Klier-Maas E-Mail: vorstand@vrc-weicht.de KassenwartJ\u00fcrgen Wilfling E-Mail: finanzen@vrc-weicht.de Schriftf\u00fchrerinTheresa Liebchen E-Mail: mail@vrc-weicht.de JugendvertreterinLiane Seem\u00fcller E-Mail: jugend@vrc-weicht.de<\/p>\n","protected":false},"author":2,"featured_media":0,"parent":0,"menu_order":0,"comment_status":"closed","ping_status":"closed","template":"","meta":[],"yoast_head":"<!-- This site is optimized with the Yoast SEO plugin v19.14 - https:\/\/yoast.com\/wordpress\/plugins\/seo\/ -->\n<title>Vorstand - VRC Weicht<\/title>\n<meta name=\"robots\" content=\"index, follow, max-snippet:-1, max-image-preview:large, max-video-preview:-1\" \/>\n<link rel=\"canonical\" href=\"https:\/\/vrc-weicht.de\/?page_id=163\" \/>\n<meta property=\"og:locale\" content=\"de_DE\" \/>\n<meta property=\"og:type\" content=\"article\" \/>\n<meta property=\"og:title\" content=\"Vorstand - VRC Weicht\" \/>\n<meta property=\"og:description\" content=\"1. VorsitzendeSandra Birgmeier E-Mail: vorstand@vrc-weicht.de 2. VorsitzendeKatharina Klier-Maas E-Mail: vorstand@vrc-weicht.de KassenwartJ\u00fcrgen Wilfling E-Mail: finanzen@vrc-weicht.de Schriftf\u00fchrerinTheresa Liebchen E-Mail: mail@vrc-weicht.de JugendvertreterinLiane Seem\u00fcller E-Mail: jugend@vrc-weicht.de\" \/>\n<meta property=\"og:url\" content=\"https:\/\/vrc-weicht.de\/?page_id=163\" \/>\n<meta property=\"og:site_name\" content=\"VRC Weicht\" \/>\n<meta property=\"article:publisher\" content=\"https:\/\/www.facebook.com\/VRC-Weicht-1568356060081567\" \/>\n<meta property=\"article:modified_time\" content=\"2026-04-29T06:44:11+00:00\" \/>\n<meta name=\"twitter:card\" content=\"summary_large_image\" \/>\n<meta name=\"twitter:label1\" content=\"Gesch\u00e4tzte Lesezeit\" \/>\n\t<meta name=\"twitter:data1\" content=\"1\u00a0Minute\" \/>\n<script type=\"application\/ld+json\" class=\"yoast-schema-graph\">{\"@context\":\"https:\/\/schema.org\",\"@graph\":[{\"@type\":\"WebPage\",\"@id\":\"https:\/\/vrc-weicht.de\/?page_id=163\",\"url\":\"https:\/\/vrc-weicht.de\/?page_id=163\",\"name\":\"Vorstand - VRC Weicht\",\"isPartOf\":{\"@id\":\"https:\/\/vrc-weicht.de\/#website\"},\"datePublished\":\"2020-11-25T19:28:43+00:00\",\"dateModified\":\"2026-04-29T06:44:11+00:00\",\"breadcrumb\":{\"@id\":\"https:\/\/vrc-weicht.de\/?page_id=163#breadcrumb\"},\"inLanguage\":\"de\",\"potentialAction\":[{\"@type\":\"ReadAction\",\"target\":[\"https:\/\/vrc-weicht.de\/?page_id=163\"]}]},{\"@type\":\"BreadcrumbList\",\"@id\":\"https:\/\/vrc-weicht.de\/?page_id=163#breadcrumb\",\"itemListElement\":[{\"@type\":\"ListItem\",\"position\":1,\"name\":\"Startseite\",\"item\":\"https:\/\/vrc-weicht.de\/\"},{\"@type\":\"ListItem\",\"position\":2,\"name\":\"Vorstand\"}]},{\"@type\":\"WebSite\",\"@id\":\"https:\/\/vrc-weicht.de\/#website\",\"url\":\"https:\/\/vrc-weicht.de\/\",\"name\":\"VRC Weicht\",\"description\":\"Voltigier- und Reitcentrum Weicht e.V.\",\"publisher\":{\"@id\":\"https:\/\/vrc-weicht.de\/#organization\"},\"potentialAction\":[{\"@type\":\"SearchAction\",\"target\":{\"@type\":\"EntryPoint\",\"urlTemplate\":\"https:\/\/vrc-weicht.de\/?s={search_term_string}\"},\"query-input\":\"required name=search_term_string\"}],\"inLanguage\":\"de\"},{\"@type\":\"Organization\",\"@id\":\"https:\/\/vrc-weicht.de\/#organization\",\"name\":\"VRC Weicht e.V.\",\"url\":\"https:\/\/vrc-weicht.de\/\",\"logo\":{\"@type\":\"ImageObject\",\"inLanguage\":\"de\",\"@id\":\"https:\/\/vrc-weicht.de\/#\/schema\/logo\/image\/\",\"url\":\"https:\/\/vrc-weicht.de\/wp-content\/uploads\/2020\/11\/VRC-Weicht-Logo.png\",\"contentUrl\":\"https:\/\/vrc-weicht.de\/wp-content\/uploads\/2020\/11\/VRC-Weicht-Logo.png\",\"width\":512,\"height\":512,\"caption\":\"VRC Weicht e.V.\"},\"image\":{\"@id\":\"https:\/\/vrc-weicht.de\/#\/schema\/logo\/image\/\"},\"sameAs\":[\"https:\/\/www.instagram.com\/seniorteam_weicht\/\",\"https:\/\/www.facebook.com\/VRC-Weicht-1568356060081567\"]}]}<\/script>\n<!-- \/ Yoast SEO plugin. -->","yoast_head_json":{"title":"Vorstand - VRC Weicht","robots":{"index":"index","follow":"follow","max-snippet":"max-snippet:-1","max-image-preview":"max-image-preview:large","max-video-preview":"max-video-preview:-1"},"canonical":"https:\/\/vrc-weicht.de\/?page_id=163","og_locale":"de_DE","og_type":"article","og_title":"Vorstand - VRC Weicht","og_description":"1. VorsitzendeSandra Birgmeier E-Mail: vorstand@vrc-weicht.de 2. VorsitzendeKatharina Klier-Maas E-Mail: vorstand@vrc-weicht.de KassenwartJ\u00fcrgen Wilfling E-Mail: finanzen@vrc-weicht.de Schriftf\u00fchrerinTheresa Liebchen E-Mail: mail@vrc-weicht.de JugendvertreterinLiane Seem\u00fcller E-Mail: jugend@vrc-weicht.de","og_url":"https:\/\/vrc-weicht.de\/?page_id=163","og_site_name":"VRC Weicht","article_publisher":"https:\/\/www.facebook.com\/VRC-Weicht-1568356060081567","article_modified_time":"2026-04-29T06:44:11+00:00","twitter_card":"summary_large_image","twitter_misc":{"Gesch\u00e4tzte Lesezeit":"1\u00a0Minute"},"schema":{"@context":"https:\/\/schema.org","@graph":[{"@type":"WebPage","@id":"https:\/\/vrc-weicht.de\/?page_id=163","url":"https:\/\/vrc-weicht.de\/?page_id=163","name":"Vorstand - VRC Weicht","isPartOf":{"@id":"https:\/\/vrc-weicht.de\/#website"},"datePublished":"2020-11-25T19:28:43+00:00","dateModified":"2026-04-29T06:44:11+00:00","breadcrumb":{"@id":"https:\/\/vrc-weicht.de\/?page_id=163#breadcrumb"},"inLanguage":"de","potentialAction":[{"@type":"ReadAction","target":["https:\/\/vrc-weicht.de\/?page_id=163"]}]},{"@type":"BreadcrumbList","@id":"https:\/\/vrc-weicht.de\/?page_id=163#breadcrumb","itemListElement":[{"@type":"ListItem","position":1,"name":"Startseite","item":"https:\/\/vrc-weicht.de\/"},{"@type":"ListItem","position":2,"name":"Vorstand"}]},{"@type":"WebSite","@id":"https:\/\/vrc-weicht.de\/#website","url":"https:\/\/vrc-weicht.de\/","name":"VRC Weicht","description":"Voltigier- und Reitcentrum Weicht e.V.","publisher":{"@id":"https:\/\/vrc-weicht.de\/#organization"},"potentialAction":[{"@type":"SearchAction","target":{"@type":"EntryPoint","urlTemplate":"https:\/\/vrc-weicht.de\/?s={search_term_string}"},"query-input":"required name=search_term_string"}],"inLanguage":"de"},{"@type":"Organization","@id":"https:\/\/vrc-weicht.de\/#organization","name":"VRC Weicht e.V.","url":"https:\/\/vrc-weicht.de\/","logo":{"@type":"ImageObject","inLanguage":"de","@id":"https:\/\/vrc-weicht.de\/#\/schema\/logo\/image\/","url":"https:\/\/vrc-weicht.de\/wp-content\/uploads\/2020\/11\/VRC-Weicht-Logo.png","contentUrl":"https:\/\/vrc-weicht.de\/wp-content\/uploads\/2020\/11\/VRC-Weicht-Logo.png","width":512,"height":512,"caption":"VRC Weicht e.V."},"image":{"@id":"https:\/\/vrc-weicht.de\/#\/schema\/logo\/image\/"},"sameAs":["https:\/\/www.instagram.com\/seniorteam_weicht\/","https:\/\/www.facebook.com\/VRC-Weicht-1568356060081567"]}]}},"_links":{"self":[{"href":"https:\/\/vrc-weicht.de\/index.php?rest_route=\/wp\/v2\/pages\/163"}],"collection":[{"href":"https:\/\/vrc-weicht.de\/index.php?rest_route=\/wp\/v2\/pages"}],"about":[{"href":"https:\/\/vrc-weicht.de\/index.php?rest_route=\/wp\/v2\/types\/page"}],"author":[{"embeddable":true,"href":"https:\/\/vrc-weicht.de\/index.php?rest_route=\/wp\/v2\/users\/2"}],"replies":[{"embeddable":true,"href":"https:\/\/vrc-weicht.de\/index.php?rest_route=%2Fwp%2Fv2%2Fcomments&post=163"}],"version-history":[{"count":19,"href":"https:\/\/vrc-weicht.de\/index.php?rest_route=\/wp\/v2\/pages\/163\/revisions"}],"predecessor-version":[{"id":1275,"href":"https:\/\/vrc-weicht.de\/index.php?rest_route=\/wp\/v2\/pages\/163\/revisions\/1275"}],"wp:attachment":[{"href":"https:\/\/vrc-weicht.de\/index.php?rest_route=%2Fwp%2Fv2%2Fmedia&parent=163"}],"curies":[{"name":"wp","href":"https:\/\/api.w.org\/{rel}","templated":true}]}}